{"id":68,"date":"2023-03-15T11:58:50","date_gmt":"2023-03-15T11:58:50","guid":{"rendered":"https:\/\/ullaenevoldsen.dk\/?page_id=68"},"modified":"2023-08-29T11:58:00","modified_gmt":"2023-08-29T11:58:00","slug":"andre-vaerker","status":"publish","type":"page","link":"https:\/\/ullaenevoldsen.dk\/index.php\/andre-vaerker\/","title":{"rendered":"Andre V\u00e6rker"},"content":{"rendered":"\n<h2 class=\"wp-block-heading has-text-align-center has-x-large-font-size\">Et hjerte der banker for Sams\u00f8<\/h2>\n\n\n\n<figure class=\"wp-block-image aligncenter size-large is-resized\"><img decoding=\"async\" src=\"https:\/\/ullaenevoldsen.dk\/wp-content\/uploads\/2023\/07\/IMG_20220608_120623-1024x924.jpg\" alt=\"\" class=\"wp-image-412\" style=\"width:512px\" width=\"512\" srcset=\"https:\/\/ullaenevoldsen.dk\/wp-content\/uploads\/2023\/07\/IMG_20220608_120623-1024x924.jpg 1024w, https:\/\/ullaenevoldsen.dk\/wp-content\/uploads\/2023\/07\/IMG_20220608_120623-300x271.jpg 300w, https:\/\/ullaenevoldsen.dk\/wp-content\/uploads\/2023\/07\/IMG_20220608_120623-768x693.jpg 768w, https:\/\/ullaenevoldsen.dk\/wp-content\/uploads\/2023\/07\/IMG_20220608_120623-1536x1386.jpg 1536w, https:\/\/ullaenevoldsen.dk\/wp-content\/uploads\/2023\/07\/IMG_20220608_120623-2048x1848.jpg 2048w\" sizes=\"(max-width: 1024px) 100vw, 1024px\" \/><\/figure>\n\n\n\n<figure class=\"wp-block-image aligncenter size-large is-resized\"><img decoding=\"async\" src=\"https:\/\/ullaenevoldsen.dk\/wp-content\/uploads\/2023\/07\/2022-02-19-15-03-43-1024x768.jpg\" alt=\"\" class=\"wp-image-584\" style=\"width:512px\" width=\"512\" srcset=\"https:\/\/ullaenevoldsen.dk\/wp-content\/uploads\/2023\/07\/2022-02-19-15-03-43-1024x768.jpg 1024w, https:\/\/ullaenevoldsen.dk\/wp-content\/uploads\/2023\/07\/2022-02-19-15-03-43-300x225.jpg 300w, https:\/\/ullaenevoldsen.dk\/wp-content\/uploads\/2023\/07\/2022-02-19-15-03-43-768x576.jpg 768w, https:\/\/ullaenevoldsen.dk\/wp-content\/uploads\/2023\/07\/2022-02-19-15-03-43-1536x1152.jpg 1536w, https:\/\/ullaenevoldsen.dk\/wp-content\/uploads\/2023\/07\/2022-02-19-15-03-43-2048x1536.jpg 2048w\" sizes=\"(max-width: 1024px) 100vw, 1024px\" \/><figcaption class=\"wp-element-caption\">&#8220;M\u00f8llehjul&#8221; fra udstillingen &#8216;Cirkul\u00e6re bev\u00e6gelser&#8217; udstanset genbrugspap fra Bruunsh\u00e5b Papfabrik, 2022 i Anton Rosens Hus, Sams\u00f8<\/figcaption><\/figure>\n\n\n\n<figure class=\"wp-block-image aligncenter size-large is-resized\"><img decoding=\"async\" src=\"https:\/\/ullaenevoldsen.dk\/wp-content\/uploads\/2023\/07\/explosion-837x1024.jpg\" alt=\"\" class=\"wp-image-586\" style=\"width:511px\" width=\"511\" srcset=\"https:\/\/ullaenevoldsen.dk\/wp-content\/uploads\/2023\/07\/explosion-837x1024.jpg 837w, https:\/\/ullaenevoldsen.dk\/wp-content\/uploads\/2023\/07\/explosion-245x300.jpg 245w, https:\/\/ullaenevoldsen.dk\/wp-content\/uploads\/2023\/07\/explosion-768x939.jpg 768w, https:\/\/ullaenevoldsen.dk\/wp-content\/uploads\/2023\/07\/explosion-1256x1536.jpg 1256w, https:\/\/ullaenevoldsen.dk\/wp-content\/uploads\/2023\/07\/explosion-1675x2048.jpg 1675w, https:\/\/ullaenevoldsen.dk\/wp-content\/uploads\/2023\/07\/explosion.jpg 1825w\" sizes=\"(max-width: 837px) 100vw, 837px\" \/><figcaption class=\"wp-element-caption\">&#8220;Universe&#8221;, h\u00e5ndst\u00f8bt papir p\u00e5 jern<\/figcaption><\/figure>\n\n\n\n<figure class=\"wp-block-image aligncenter size-large is-resized\"><img decoding=\"async\" src=\"https:\/\/ullaenevoldsen.dk\/wp-content\/uploads\/2023\/07\/cosmos-1024x707.jpg\" alt=\"\" class=\"wp-image-585\" style=\"width:512px\" width=\"512\" srcset=\"https:\/\/ullaenevoldsen.dk\/wp-content\/uploads\/2023\/07\/cosmos-1024x707.jpg 1024w, https:\/\/ullaenevoldsen.dk\/wp-content\/uploads\/2023\/07\/cosmos-300x207.jpg 300w, https:\/\/ullaenevoldsen.dk\/wp-content\/uploads\/2023\/07\/cosmos-768x530.jpg 768w, https:\/\/ullaenevoldsen.dk\/wp-content\/uploads\/2023\/07\/cosmos-1536x1061.jpg 1536w, https:\/\/ullaenevoldsen.dk\/wp-content\/uploads\/2023\/07\/cosmos-2048x1414.jpg 2048w\" sizes=\"(max-width: 1024px) 100vw, 1024px\" \/><figcaption class=\"wp-element-caption\">H\u00e5ndst\u00f8bt papir p\u00e5 l\u00e6rred, <\/figcaption><\/figure>\n\n\n\n<figure class=\"wp-block-image aligncenter size-large is-resized\"><img decoding=\"async\" src=\"https:\/\/ullaenevoldsen.dk\/wp-content\/uploads\/2023\/07\/fjerlet1-844x1024.jpg\" alt=\"\" class=\"wp-image-591\" style=\"width:512px\" width=\"512\" srcset=\"https:\/\/ullaenevoldsen.dk\/wp-content\/uploads\/2023\/07\/fjerlet1-844x1024.jpg 844w, https:\/\/ullaenevoldsen.dk\/wp-content\/uploads\/2023\/07\/fjerlet1-247x300.jpg 247w, https:\/\/ullaenevoldsen.dk\/wp-content\/uploads\/2023\/07\/fjerlet1-768x932.jpg 768w, https:\/\/ullaenevoldsen.dk\/wp-content\/uploads\/2023\/07\/fjerlet1-1266x1536.jpg 1266w, https:\/\/ullaenevoldsen.dk\/wp-content\/uploads\/2023\/07\/fjerlet1.jpg 1576w\" sizes=\"(max-width: 844px) 100vw, 844px\" \/><figcaption class=\"wp-element-caption\">Papir p\u00e5 l\u00e6rred, akrylmaling<\/figcaption><\/figure>\n\n\n\n<p><\/p>\n","protected":false},"excerpt":{"rendered":"<p>Et hjerte der banker for Sams\u00f8<\/p>\n","protected":false},"author":1,"featured_media":411,"parent":0,"menu_order":0,"comment_status":"closed","ping_status":"closed","template":"","meta":{"footnotes":""},"class_list":["post-68","page","type-page","status-publish","has-post-thumbnail","hentry"],"_links":{"self":[{"href":"https:\/\/ullaenevoldsen.dk\/index.php\/wp-json\/wp\/v2\/pages\/68","targetHints":{"allow":["GET"]}}],"collection":[{"href":"https:\/\/ullaenevoldsen.dk\/index.php\/wp-json\/wp\/v2\/pages"}],"about":[{"href":"https:\/\/ullaenevoldsen.dk\/index.php\/wp-json\/wp\/v2\/types\/page"}],"author":[{"embeddable":true,"href":"https:\/\/ullaenevoldsen.dk\/index.php\/wp-json\/wp\/v2\/users\/1"}],"replies":[{"embeddable":true,"href":"https:\/\/ullaenevoldsen.dk\/index.php\/wp-json\/wp\/v2\/comments?post=68"}],"version-history":[{"count":6,"href":"https:\/\/ullaenevoldsen.dk\/index.php\/wp-json\/wp\/v2\/pages\/68\/revisions"}],"predecessor-version":[{"id":646,"href":"https:\/\/ullaenevoldsen.dk\/index.php\/wp-json\/wp\/v2\/pages\/68\/revisions\/646"}],"wp:featuredmedia":[{"embeddable":true,"href":"https:\/\/ullaenevoldsen.dk\/index.php\/wp-json\/wp\/v2\/media\/411"}],"wp:attachment":[{"href":"https:\/\/ullaenevoldsen.dk\/index.php\/wp-json\/wp\/v2\/media?parent=68"}],"curies":[{"name":"wp","href":"https:\/\/api.w.org\/{rel}","templated":true}]}}