{"id":281,"date":"2023-07-06T09:06:45","date_gmt":"2023-07-06T09:06:45","guid":{"rendered":"https:\/\/ullaenevoldsen.dk\/?page_id=281"},"modified":"2023-08-21T08:59:46","modified_gmt":"2023-08-21T08:59:46","slug":"lysinstallation-2","status":"publish","type":"page","link":"https:\/\/ullaenevoldsen.dk\/index.php\/vaerker\/lysinstallation-2\/","title":{"rendered":"Lysinstallation"},"content":{"rendered":"\n<h4 class=\"wp-block-heading has-text-align-center\">De f\u00f8rste lysskulpturer var semitransparente limede papirark. <\/h4>\n\n\n\n<h4 class=\"wp-block-heading has-text-align-center\">Lette sv\u00e6vende papirobjekter i stor skala. <\/h4>\n\n\n\n<h4 class=\"wp-block-heading has-text-align-center\">Siden oplystes objekterne indefra med indlejrede optiske fibre. <\/h4>\n\n\n\n<h4 class=\"wp-block-heading has-text-align-center\">Og endelig f\u00f8jedes video til s\u00e5 objekterne blev  l\u00e6rred for videoer: <\/h4>\n\n\n\n<h4 class=\"wp-block-heading has-text-align-center\">et objekt eller skulptur i bev\u00e6gelse. <\/h4>\n\n\n\n<figure class=\"wp-block-image aligncenter size-large is-resized\"><img decoding=\"async\" src=\"https:\/\/ullaenevoldsen.dk\/wp-content\/uploads\/2023\/07\/2022-02-19-14-59-22-1024x768.jpg\" alt=\"\" class=\"wp-image-263\" style=\"width:512px\" width=\"512\" srcset=\"https:\/\/ullaenevoldsen.dk\/wp-content\/uploads\/2023\/07\/2022-02-19-14-59-22-1024x768.jpg 1024w, https:\/\/ullaenevoldsen.dk\/wp-content\/uploads\/2023\/07\/2022-02-19-14-59-22-300x225.jpg 300w, https:\/\/ullaenevoldsen.dk\/wp-content\/uploads\/2023\/07\/2022-02-19-14-59-22-768x576.jpg 768w, https:\/\/ullaenevoldsen.dk\/wp-content\/uploads\/2023\/07\/2022-02-19-14-59-22-1536x1152.jpg 1536w, https:\/\/ullaenevoldsen.dk\/wp-content\/uploads\/2023\/07\/2022-02-19-14-59-22-2048x1536.jpg 2048w\" sizes=\"(max-width: 1024px) 100vw, 1024px\" \/><figcaption class=\"wp-element-caption\">&#8220;Cirkul\u00e6re bev\u00e6gelser&#8221; 2021, stillbillede fra video. Fra udstilling p\u00e5 Bruunsh\u00e5b Papfabrik <\/figcaption><\/figure>\n\n\n\n<figure class=\"wp-block-image aligncenter size-large is-resized\"><img decoding=\"async\" src=\"https:\/\/ullaenevoldsen.dk\/wp-content\/uploads\/2023\/07\/2022-02-19-15-00-34-1024x768.jpg\" alt=\"\" class=\"wp-image-265\" style=\"width:508px\" width=\"508\" srcset=\"https:\/\/ullaenevoldsen.dk\/wp-content\/uploads\/2023\/07\/2022-02-19-15-00-34-1024x768.jpg 1024w, https:\/\/ullaenevoldsen.dk\/wp-content\/uploads\/2023\/07\/2022-02-19-15-00-34-300x225.jpg 300w, https:\/\/ullaenevoldsen.dk\/wp-content\/uploads\/2023\/07\/2022-02-19-15-00-34-768x576.jpg 768w, https:\/\/ullaenevoldsen.dk\/wp-content\/uploads\/2023\/07\/2022-02-19-15-00-34-1536x1152.jpg 1536w, https:\/\/ullaenevoldsen.dk\/wp-content\/uploads\/2023\/07\/2022-02-19-15-00-34-2048x1536.jpg 2048w\" sizes=\"(max-width: 1024px) 100vw, 1024px\" \/><figcaption class=\"wp-element-caption\">&#8220;Cirkul\u00e6re bev\u00e6gelser&#8221; 2022, stillbillede fra video<\/figcaption><\/figure>\n\n\n\n<figure class=\"wp-block-image aligncenter size-large is-resized\"><img decoding=\"async\" src=\"https:\/\/ullaenevoldsen.dk\/wp-content\/uploads\/2023\/07\/afornemmelse-for-sne_1-1024x680.jpg\" alt=\"\" class=\"wp-image-302\" style=\"width:512px\" width=\"512\" srcset=\"https:\/\/ullaenevoldsen.dk\/wp-content\/uploads\/2023\/07\/afornemmelse-for-sne_1-1024x680.jpg 1024w, https:\/\/ullaenevoldsen.dk\/wp-content\/uploads\/2023\/07\/afornemmelse-for-sne_1-300x199.jpg 300w, https:\/\/ullaenevoldsen.dk\/wp-content\/uploads\/2023\/07\/afornemmelse-for-sne_1-768x510.jpg 768w, https:\/\/ullaenevoldsen.dk\/wp-content\/uploads\/2023\/07\/afornemmelse-for-sne_1-1536x1020.jpg 1536w, https:\/\/ullaenevoldsen.dk\/wp-content\/uploads\/2023\/07\/afornemmelse-for-sne_1-2048x1361.jpg 2048w\" sizes=\"(max-width: 1024px) 100vw, 1024px\" \/><figcaption class=\"wp-element-caption\">&#8220;Fornemmelse for sne&#8221; 2013, stillbillede fra video p\u00e5 papirobjekt. Fra udstilling i Elga Wimmer Gallery i New York<\/figcaption><\/figure>\n\n\n\n<div class=\"wp-block-columns is-layout-flex wp-container-core-columns-is-layout-28f84493 wp-block-columns-is-layout-flex\">\n<div class=\"wp-block-column is-layout-flow wp-block-column-is-layout-flow\" style=\"flex-basis:100%\">\n<figure class=\"wp-block-image aligncenter size-large is-resized\"><img decoding=\"async\" src=\"https:\/\/ullaenevoldsen.dk\/wp-content\/uploads\/2023\/07\/15x15-2011-moon-beam-scaled-e1688646151722-1024x962.jpg\" alt=\"\" class=\"wp-image-282\" style=\"width:512px\" width=\"512\" srcset=\"https:\/\/ullaenevoldsen.dk\/wp-content\/uploads\/2023\/07\/15x15-2011-moon-beam-scaled-e1688646151722-1024x962.jpg 1024w, https:\/\/ullaenevoldsen.dk\/wp-content\/uploads\/2023\/07\/15x15-2011-moon-beam-scaled-e1688646151722-300x282.jpg 300w, https:\/\/ullaenevoldsen.dk\/wp-content\/uploads\/2023\/07\/15x15-2011-moon-beam-scaled-e1688646151722-768x722.jpg 768w, https:\/\/ullaenevoldsen.dk\/wp-content\/uploads\/2023\/07\/15x15-2011-moon-beam-scaled-e1688646151722-1536x1444.jpg 1536w, https:\/\/ullaenevoldsen.dk\/wp-content\/uploads\/2023\/07\/15x15-2011-moon-beam-scaled-e1688646151722-2048x1925.jpg 2048w\" sizes=\"(max-width: 1024px) 100vw, 1024px\" \/><figcaption class=\"wp-element-caption\">&#8220;Moon&#8221; 2009. papir af egen produktion, indlejret optisk fiber m lyskilde. Foggia Italien<\/figcaption><\/figure>\n<\/div>\n<\/div>\n\n\n\n<figure class=\"wp-block-image aligncenter size-large is-resized\"><img decoding=\"async\" src=\"https:\/\/ullaenevoldsen.dk\/wp-content\/uploads\/2023\/07\/Dialogue-2008-781x1024.jpg\" alt=\"\" class=\"wp-image-272\" style=\"width:511px\" width=\"511\" srcset=\"https:\/\/ullaenevoldsen.dk\/wp-content\/uploads\/2023\/07\/Dialogue-2008-781x1024.jpg 781w, https:\/\/ullaenevoldsen.dk\/wp-content\/uploads\/2023\/07\/Dialogue-2008-229x300.jpg 229w, https:\/\/ullaenevoldsen.dk\/wp-content\/uploads\/2023\/07\/Dialogue-2008-768x1007.jpg 768w, https:\/\/ullaenevoldsen.dk\/wp-content\/uploads\/2023\/07\/Dialogue-2008-1172x1536.jpg 1172w, https:\/\/ullaenevoldsen.dk\/wp-content\/uploads\/2023\/07\/Dialogue-2008-1562x2048.jpg 1562w, https:\/\/ullaenevoldsen.dk\/wp-content\/uploads\/2023\/07\/Dialogue-2008-scaled.jpg 1953w\" sizes=\"(max-width: 781px) 100vw, 781px\" \/><figcaption class=\"wp-element-caption\">&#8220;Wave&#8221; 2006, papir m. optisk fiber i installation i samarbejde m. keramiker Trine Bach Jacobsen<\/figcaption><\/figure>\n\n\n\n<p><\/p>\n\n\n\n<figure class=\"wp-block-image aligncenter size-large is-resized\"><img decoding=\"async\" src=\"https:\/\/ullaenevoldsen.dk\/wp-content\/uploads\/2023\/07\/2006-lysgople-1024x768.jpg\" alt=\"\" class=\"wp-image-254\" style=\"width:512px\" width=\"512\" srcset=\"https:\/\/ullaenevoldsen.dk\/wp-content\/uploads\/2023\/07\/2006-lysgople-1024x768.jpg 1024w, https:\/\/ullaenevoldsen.dk\/wp-content\/uploads\/2023\/07\/2006-lysgople-300x225.jpg 300w, https:\/\/ullaenevoldsen.dk\/wp-content\/uploads\/2023\/07\/2006-lysgople-768x576.jpg 768w, https:\/\/ullaenevoldsen.dk\/wp-content\/uploads\/2023\/07\/2006-lysgople-1536x1152.jpg 1536w, https:\/\/ullaenevoldsen.dk\/wp-content\/uploads\/2023\/07\/2006-lysgople-2048x1536.jpg 2048w\" sizes=\"(max-width: 1024px) 100vw, 1024px\" \/><figcaption class=\"wp-element-caption\">&#8220;Lysgople&#8221; 2004, papir med optisk fiber og lyskilde, \u00d8 70cm.<\/figcaption><\/figure>\n","protected":false},"excerpt":{"rendered":"<p>De f\u00f8rste lysskulpturer var semitransparente limede papirark. Lette sv\u00e6vende papirobjekter i stor skala. Siden oplystes objekterne indefra med indlejrede optiske fibre. Og endelig f\u00f8jedes video til s\u00e5 objekterne blev l\u00e6rred for videoer: et objekt eller skulptur i bev\u00e6gelse.<\/p>\n","protected":false},"author":1,"featured_media":0,"parent":10,"menu_order":0,"comment_status":"closed","ping_status":"closed","template":"","meta":{"footnotes":""},"class_list":["post-281","page","type-page","status-publish","hentry"],"_links":{"self":[{"href":"https:\/\/ullaenevoldsen.dk\/index.php\/wp-json\/wp\/v2\/pages\/281","targetHints":{"allow":["GET"]}}],"collection":[{"href":"https:\/\/ullaenevoldsen.dk\/index.php\/wp-json\/wp\/v2\/pages"}],"about":[{"href":"https:\/\/ullaenevoldsen.dk\/index.php\/wp-json\/wp\/v2\/types\/page"}],"author":[{"embeddable":true,"href":"https:\/\/ullaenevoldsen.dk\/index.php\/wp-json\/wp\/v2\/users\/1"}],"replies":[{"embeddable":true,"href":"https:\/\/ullaenevoldsen.dk\/index.php\/wp-json\/wp\/v2\/comments?post=281"}],"version-history":[{"count":39,"href":"https:\/\/ullaenevoldsen.dk\/index.php\/wp-json\/wp\/v2\/pages\/281\/revisions"}],"predecessor-version":[{"id":633,"href":"https:\/\/ullaenevoldsen.dk\/index.php\/wp-json\/wp\/v2\/pages\/281\/revisions\/633"}],"up":[{"embeddable":true,"href":"https:\/\/ullaenevoldsen.dk\/index.php\/wp-json\/wp\/v2\/pages\/10"}],"wp:attachment":[{"href":"https:\/\/ullaenevoldsen.dk\/index.php\/wp-json\/wp\/v2\/media?parent=281"}],"curies":[{"name":"wp","href":"https:\/\/api.w.org\/{rel}","templated":true}]}}