{"id":201,"date":"2023-04-25T06:54:10","date_gmt":"2023-04-25T06:54:10","guid":{"rendered":"https:\/\/ullaenevoldsen.dk\/?page_id=201"},"modified":"2023-08-15T13:10:55","modified_gmt":"2023-08-15T13:10:55","slug":"haven","status":"publish","type":"page","link":"https:\/\/ullaenevoldsen.dk\/index.php\/haven\/","title":{"rendered":"Min have"},"content":{"rendered":"\n<h3 class=\"wp-block-heading\"><\/h3>\n\n\n\n<figure class=\"wp-block-image aligncenter is-resized\"><img decoding=\"async\" src=\"https:\/\/ullaenevoldsen.dk\/wp-content\/uploads\/2023\/07\/IMG_20220713_195939-1024x768.jpg\" alt=\"\" class=\"wp-image-416\" style=\"width:512px\" width=\"512\" srcset=\"https:\/\/ullaenevoldsen.dk\/wp-content\/uploads\/2023\/07\/IMG_20220713_195939-1024x768.jpg 1024w, https:\/\/ullaenevoldsen.dk\/wp-content\/uploads\/2023\/07\/IMG_20220713_195939-300x225.jpg 300w, https:\/\/ullaenevoldsen.dk\/wp-content\/uploads\/2023\/07\/IMG_20220713_195939-768x576.jpg 768w, https:\/\/ullaenevoldsen.dk\/wp-content\/uploads\/2023\/07\/IMG_20220713_195939-1536x1152.jpg 1536w, https:\/\/ullaenevoldsen.dk\/wp-content\/uploads\/2023\/07\/IMG_20220713_195939-2048x1536.jpg 2048w\" sizes=\"(max-width: 1024px) 100vw, 1024px\" \/><figcaption class=\"wp-element-caption\">Min have har v\u00e6ret vild siden f\u00f8r det blev moderne. Jeg bliver inspireret af havens v\u00e6kster og bruger planterne som materiale<\/figcaption><\/figure>\n\n\n\n<figure class=\"wp-block-image aligncenter is-resized\"><img decoding=\"async\" src=\"https:\/\/ullaenevoldsen.dk\/wp-content\/uploads\/2023\/07\/2021-05-08-11-28-45-1024x768.jpg\" alt=\"\" class=\"wp-image-381\" style=\"width:512px\" width=\"512\" srcset=\"https:\/\/ullaenevoldsen.dk\/wp-content\/uploads\/2023\/07\/2021-05-08-11-28-45-1024x768.jpg 1024w, https:\/\/ullaenevoldsen.dk\/wp-content\/uploads\/2023\/07\/2021-05-08-11-28-45-300x225.jpg 300w, https:\/\/ullaenevoldsen.dk\/wp-content\/uploads\/2023\/07\/2021-05-08-11-28-45-768x576.jpg 768w, https:\/\/ullaenevoldsen.dk\/wp-content\/uploads\/2023\/07\/2021-05-08-11-28-45-1536x1152.jpg 1536w, https:\/\/ullaenevoldsen.dk\/wp-content\/uploads\/2023\/07\/2021-05-08-11-28-45-2048x1536.jpg 2048w\" sizes=\"(max-width: 1024px) 100vw, 1024px\" \/><figcaption class=\"wp-element-caption\">Jeg h\u00f8ster gr\u00e6s og br\u00e6nden\u00e6lder med l\u00e9 og laver papir af det.<\/figcaption><\/figure>\n\n\n\n<h4 class=\"wp-block-heading\"><\/h4>\n\n\n\n<h2 class=\"wp-block-heading has-text-align-left\">Cyanotypi <\/h2>\n\n\n\n<figure class=\"wp-block-image aligncenter is-resized\"><img decoding=\"async\" src=\"https:\/\/ullaenevoldsen.dk\/wp-content\/uploads\/2023\/07\/IMG_20220525_113112-1024x768.jpg\" alt=\"\" class=\"wp-image-404\" style=\"width:512px\" width=\"512\" srcset=\"https:\/\/ullaenevoldsen.dk\/wp-content\/uploads\/2023\/07\/IMG_20220525_113112-1024x768.jpg 1024w, https:\/\/ullaenevoldsen.dk\/wp-content\/uploads\/2023\/07\/IMG_20220525_113112-300x225.jpg 300w, https:\/\/ullaenevoldsen.dk\/wp-content\/uploads\/2023\/07\/IMG_20220525_113112-768x576.jpg 768w, https:\/\/ullaenevoldsen.dk\/wp-content\/uploads\/2023\/07\/IMG_20220525_113112-1536x1152.jpg 1536w, https:\/\/ullaenevoldsen.dk\/wp-content\/uploads\/2023\/07\/IMG_20220525_113112-2048x1536.jpg 2048w\" sizes=\"(max-width: 1024px) 100vw, 1024px\" \/><figcaption class=\"wp-element-caption\">Man blander to kemikalier &#8211; ufarlige &#8211; og pensler det p\u00e5 sit medie- her h\u00e5ndlavet papir &#8211; og lader det t\u00f8rre. S\u00e5 anbringer man det objekt man vil afbilde p\u00e5 papiret og lader det belyse af solen. Derefter skylles arket n\u00e6nsomt i vand og motivet kommer frem i negativ.<\/figcaption><\/figure>\n\n\n\n<figure class=\"wp-block-image aligncenter is-resized\"><img decoding=\"async\" src=\"https:\/\/ullaenevoldsen.dk\/wp-content\/uploads\/2023\/07\/IMG_20220729_120938-1024x768.jpg\" alt=\"\" class=\"wp-image-420\" style=\"width:512px\" width=\"512\" srcset=\"https:\/\/ullaenevoldsen.dk\/wp-content\/uploads\/2023\/07\/IMG_20220729_120938-1024x768.jpg 1024w, https:\/\/ullaenevoldsen.dk\/wp-content\/uploads\/2023\/07\/IMG_20220729_120938-300x225.jpg 300w, https:\/\/ullaenevoldsen.dk\/wp-content\/uploads\/2023\/07\/IMG_20220729_120938-768x576.jpg 768w, https:\/\/ullaenevoldsen.dk\/wp-content\/uploads\/2023\/07\/IMG_20220729_120938-1536x1152.jpg 1536w, https:\/\/ullaenevoldsen.dk\/wp-content\/uploads\/2023\/07\/IMG_20220729_120938-2048x1536.jpg 2048w\" sizes=\"(max-width: 1024px) 100vw, 1024px\" \/><figcaption class=\"wp-element-caption\">Her samme motiv, f\u00e6rdigt og indrammet<\/figcaption><\/figure>\n\n\n\n<figure class=\"wp-block-image aligncenter is-resized\"><img decoding=\"async\" src=\"https:\/\/ullaenevoldsen.dk\/wp-content\/uploads\/2023\/07\/IMG_20220702_104405-1024x768.jpg\" alt=\"\" class=\"wp-image-414\" style=\"width:512px\" width=\"512\" srcset=\"https:\/\/ullaenevoldsen.dk\/wp-content\/uploads\/2023\/07\/IMG_20220702_104405-1024x768.jpg 1024w, https:\/\/ullaenevoldsen.dk\/wp-content\/uploads\/2023\/07\/IMG_20220702_104405-300x225.jpg 300w, https:\/\/ullaenevoldsen.dk\/wp-content\/uploads\/2023\/07\/IMG_20220702_104405-768x576.jpg 768w, https:\/\/ullaenevoldsen.dk\/wp-content\/uploads\/2023\/07\/IMG_20220702_104405-1536x1152.jpg 1536w, https:\/\/ullaenevoldsen.dk\/wp-content\/uploads\/2023\/07\/IMG_20220702_104405-2048x1536.jpg 2048w\" sizes=\"(max-width: 1024px) 100vw, 1024px\" \/><figcaption class=\"wp-element-caption\">Et andet motiv med Gedesk\u00e6g ligger til t\u00f8rre efter skylning<\/figcaption><\/figure>\n\n\n\n<h2 class=\"wp-block-heading has-text-align-left\">Beton<\/h2>\n\n\n\n<figure class=\"wp-block-image aligncenter is-resized\"><img decoding=\"async\" src=\"https:\/\/ullaenevoldsen.dk\/wp-content\/uploads\/2023\/07\/IMG_20220722_164304-1024x768.jpg\" alt=\"\" class=\"wp-image-418\" style=\"width:512px\" width=\"512\" srcset=\"https:\/\/ullaenevoldsen.dk\/wp-content\/uploads\/2023\/07\/IMG_20220722_164304-1024x768.jpg 1024w, https:\/\/ullaenevoldsen.dk\/wp-content\/uploads\/2023\/07\/IMG_20220722_164304-300x225.jpg 300w, https:\/\/ullaenevoldsen.dk\/wp-content\/uploads\/2023\/07\/IMG_20220722_164304-768x576.jpg 768w, https:\/\/ullaenevoldsen.dk\/wp-content\/uploads\/2023\/07\/IMG_20220722_164304-1536x1152.jpg 1536w, https:\/\/ullaenevoldsen.dk\/wp-content\/uploads\/2023\/07\/IMG_20220722_164304-2048x1536.jpg 2048w\" sizes=\"(max-width: 1024px) 100vw, 1024px\" \/><figcaption class=\"wp-element-caption\">Man l\u00e6gger sit objekt &#8211; her en plante &#8211; i en form og h\u00e6lder den flydende betonblanding over og lader det st\u00f8rkne en dags tid.<\/figcaption><\/figure>\n\n\n\n<figure class=\"wp-block-image aligncenter size-large is-resized\"><img decoding=\"async\" src=\"https:\/\/ullaenevoldsen.dk\/wp-content\/uploads\/2023\/07\/IMG_20220601_092621-1-768x1024.jpg\" alt=\"\" class=\"wp-image-406\" style=\"width:512px\" width=\"512\" srcset=\"https:\/\/ullaenevoldsen.dk\/wp-content\/uploads\/2023\/07\/IMG_20220601_092621-1-768x1024.jpg 768w, https:\/\/ullaenevoldsen.dk\/wp-content\/uploads\/2023\/07\/IMG_20220601_092621-1-225x300.jpg 225w, https:\/\/ullaenevoldsen.dk\/wp-content\/uploads\/2023\/07\/IMG_20220601_092621-1-1152x1536.jpg 1152w, https:\/\/ullaenevoldsen.dk\/wp-content\/uploads\/2023\/07\/IMG_20220601_092621-1-1536x2048.jpg 1536w, https:\/\/ullaenevoldsen.dk\/wp-content\/uploads\/2023\/07\/IMG_20220601_092621-1-scaled.jpg 1920w\" sizes=\"(max-width: 768px) 100vw, 768px\" \/><\/figure>\n\n\n\n<figure class=\"wp-block-image aligncenter size-large is-resized\"><img decoding=\"async\" src=\"https:\/\/ullaenevoldsen.dk\/wp-content\/uploads\/2023\/07\/IMG_20220601_092550-1-1024x768.jpg\" alt=\"\" class=\"wp-image-405\" style=\"width:512px\" width=\"512\" srcset=\"https:\/\/ullaenevoldsen.dk\/wp-content\/uploads\/2023\/07\/IMG_20220601_092550-1-1024x768.jpg 1024w, https:\/\/ullaenevoldsen.dk\/wp-content\/uploads\/2023\/07\/IMG_20220601_092550-1-300x225.jpg 300w, https:\/\/ullaenevoldsen.dk\/wp-content\/uploads\/2023\/07\/IMG_20220601_092550-1-768x576.jpg 768w, https:\/\/ullaenevoldsen.dk\/wp-content\/uploads\/2023\/07\/IMG_20220601_092550-1-1536x1152.jpg 1536w, https:\/\/ullaenevoldsen.dk\/wp-content\/uploads\/2023\/07\/IMG_20220601_092550-1-2048x1536.jpg 2048w\" sizes=\"(max-width: 1024px) 100vw, 1024px\" \/><\/figure>\n\n\n\n<figure class=\"wp-block-image aligncenter size-large is-resized\"><img decoding=\"async\" src=\"https:\/\/ullaenevoldsen.dk\/wp-content\/uploads\/2023\/07\/DSCN0340-1024x920.jpg\" alt=\"\" class=\"wp-image-397\" style=\"width:511px\" width=\"511\" srcset=\"https:\/\/ullaenevoldsen.dk\/wp-content\/uploads\/2023\/07\/DSCN0340-1024x920.jpg 1024w, https:\/\/ullaenevoldsen.dk\/wp-content\/uploads\/2023\/07\/DSCN0340-300x269.jpg 300w, https:\/\/ullaenevoldsen.dk\/wp-content\/uploads\/2023\/07\/DSCN0340-768x690.jpg 768w, https:\/\/ullaenevoldsen.dk\/wp-content\/uploads\/2023\/07\/DSCN0340-1536x1380.jpg 1536w, https:\/\/ullaenevoldsen.dk\/wp-content\/uploads\/2023\/07\/DSCN0340-2048x1840.jpg 2048w\" sizes=\"(max-width: 1024px) 100vw, 1024px\" \/><\/figure>\n\n\n\n<figure class=\"wp-block-image aligncenter size-large is-resized\"><img decoding=\"async\" src=\"https:\/\/ullaenevoldsen.dk\/wp-content\/uploads\/2023\/07\/IMG_20221018_114033-1024x768.jpg\" alt=\"\" class=\"wp-image-422\" style=\"width:512px\" width=\"512\" srcset=\"https:\/\/ullaenevoldsen.dk\/wp-content\/uploads\/2023\/07\/IMG_20221018_114033-1024x768.jpg 1024w, https:\/\/ullaenevoldsen.dk\/wp-content\/uploads\/2023\/07\/IMG_20221018_114033-300x225.jpg 300w, https:\/\/ullaenevoldsen.dk\/wp-content\/uploads\/2023\/07\/IMG_20221018_114033-768x576.jpg 768w, https:\/\/ullaenevoldsen.dk\/wp-content\/uploads\/2023\/07\/IMG_20221018_114033-1536x1152.jpg 1536w, https:\/\/ullaenevoldsen.dk\/wp-content\/uploads\/2023\/07\/IMG_20221018_114033-2048x1536.jpg 2048w\" sizes=\"(max-width: 1024px) 100vw, 1024px\" \/><\/figure>\n","protected":false},"excerpt":{"rendered":"<p>Cyanotypi Beton<\/p>\n","protected":false},"author":1,"featured_media":16,"parent":0,"menu_order":0,"comment_status":"closed","ping_status":"closed","template":"","meta":{"footnotes":""},"class_list":["post-201","page","type-page","status-publish","has-post-thumbnail","hentry"],"_links":{"self":[{"href":"https:\/\/ullaenevoldsen.dk\/index.php\/wp-json\/wp\/v2\/pages\/201","targetHints":{"allow":["GET"]}}],"collection":[{"href":"https:\/\/ullaenevoldsen.dk\/index.php\/wp-json\/wp\/v2\/pages"}],"about":[{"href":"https:\/\/ullaenevoldsen.dk\/index.php\/wp-json\/wp\/v2\/types\/page"}],"author":[{"embeddable":true,"href":"https:\/\/ullaenevoldsen.dk\/index.php\/wp-json\/wp\/v2\/users\/1"}],"replies":[{"embeddable":true,"href":"https:\/\/ullaenevoldsen.dk\/index.php\/wp-json\/wp\/v2\/comments?post=201"}],"version-history":[{"count":21,"href":"https:\/\/ullaenevoldsen.dk\/index.php\/wp-json\/wp\/v2\/pages\/201\/revisions"}],"predecessor-version":[{"id":625,"href":"https:\/\/ullaenevoldsen.dk\/index.php\/wp-json\/wp\/v2\/pages\/201\/revisions\/625"}],"wp:featuredmedia":[{"embeddable":true,"href":"https:\/\/ullaenevoldsen.dk\/index.php\/wp-json\/wp\/v2\/media\/16"}],"wp:attachment":[{"href":"https:\/\/ullaenevoldsen.dk\/index.php\/wp-json\/wp\/v2\/media?parent=201"}],"curies":[{"name":"wp","href":"https:\/\/api.w.org\/{rel}","templated":true}]}}