{"id":12,"date":"2023-03-15T10:41:47","date_gmt":"2023-03-15T10:41:47","guid":{"rendered":"https:\/\/ullaenevoldsen.dk\/?page_id=12"},"modified":"2023-08-08T10:37:20","modified_gmt":"2023-08-08T10:37:20","slug":"natur","status":"publish","type":"page","link":"https:\/\/ullaenevoldsen.dk\/index.php\/natur\/","title":{"rendered":"P\u00e5 Sams\u00f8 er man t\u00e6t p\u00e5 naturen"},"content":{"rendered":"\n<p><\/p>\n\n\n\n<figure class=\"wp-block-image aligncenter size-large is-resized\"><img decoding=\"async\" src=\"https:\/\/ullaenevoldsen.dk\/wp-content\/uploads\/2023\/07\/IMG_20220918_175305-1024x768.jpg\" alt=\"\" class=\"wp-image-421\" width=\"325\" srcset=\"https:\/\/ullaenevoldsen.dk\/wp-content\/uploads\/2023\/07\/IMG_20220918_175305-1024x768.jpg 1024w, https:\/\/ullaenevoldsen.dk\/wp-content\/uploads\/2023\/07\/IMG_20220918_175305-300x225.jpg 300w, https:\/\/ullaenevoldsen.dk\/wp-content\/uploads\/2023\/07\/IMG_20220918_175305-768x576.jpg 768w, https:\/\/ullaenevoldsen.dk\/wp-content\/uploads\/2023\/07\/IMG_20220918_175305-1536x1152.jpg 1536w, https:\/\/ullaenevoldsen.dk\/wp-content\/uploads\/2023\/07\/IMG_20220918_175305-2048x1536.jpg 2048w\" sizes=\"(max-width: 1024px) 100vw, 1024px\" \/><figcaption class=\"wp-element-caption\">P\u00e5 Sams\u00f8 er himlen stor og havet altid n\u00e6rt. Det er m\u00f8rkt om natten med myriader af stjerner i klart vejr. Man er t\u00e6t p\u00e5 naturen, sig selv og hinanden, frit citeret fra Thorkild Bj\u00f8rnvig. Han forelskede sig i \u00f8en. Ligesom jeg ogs\u00e5 har, i naturen og livet som det leves her.<\/figcaption><\/figure>\n\n\n\n<figure class=\"wp-block-image aligncenter size-large is-resized\"><img decoding=\"async\" src=\"https:\/\/ullaenevoldsen.dk\/wp-content\/uploads\/2023\/07\/IMG_20220511_191023-768x1024.jpg\" alt=\"\" class=\"wp-image-402\" width=\"325\" srcset=\"https:\/\/ullaenevoldsen.dk\/wp-content\/uploads\/2023\/07\/IMG_20220511_191023-768x1024.jpg 768w, https:\/\/ullaenevoldsen.dk\/wp-content\/uploads\/2023\/07\/IMG_20220511_191023-225x300.jpg 225w, https:\/\/ullaenevoldsen.dk\/wp-content\/uploads\/2023\/07\/IMG_20220511_191023-1152x1536.jpg 1152w, https:\/\/ullaenevoldsen.dk\/wp-content\/uploads\/2023\/07\/IMG_20220511_191023-1536x2048.jpg 1536w, https:\/\/ullaenevoldsen.dk\/wp-content\/uploads\/2023\/07\/IMG_20220511_191023-scaled.jpg 1920w\" sizes=\"(max-width: 768px) 100vw, 768px\" \/><\/figure>\n\n\n\n<p><span style=\"font-size: revert; background-color: var(--wp--preset--color--background); color: var(--wp--preset--color--custom-farve-1); font-family: var(--wp--preset--font-family--system-font);\"> <\/span><\/p>\n\n\n\n<figure class=\"wp-block-image aligncenter size-full is-resized\"><img loading=\"lazy\" decoding=\"async\" src=\"https:\/\/ullaenevoldsen.dk\/wp-content\/uploads\/2023\/08\/165.jpg\" alt=\"\" class=\"wp-image-610\" width=\"325\" height=\"326\" srcset=\"https:\/\/ullaenevoldsen.dk\/wp-content\/uploads\/2023\/08\/165.jpg 638w, https:\/\/ullaenevoldsen.dk\/wp-content\/uploads\/2023\/08\/165-300x300.jpg 300w, https:\/\/ullaenevoldsen.dk\/wp-content\/uploads\/2023\/08\/165-150x150.jpg 150w\" sizes=\"auto, (max-width: 325px) 100vw, 325px\" \/><figcaption class=\"wp-element-caption\">Men naturen kalder hele \u00e5ret med forskellige sansninger og indtryk.<\/figcaption><\/figure>\n\n\n\n<figure class=\"wp-block-image aligncenter is-resized\"><img decoding=\"async\" src=\"https:\/\/ullaenevoldsen.dk\/wp-content\/uploads\/2023\/07\/2015-01-24-15-18-20-DSC_0065-1024x685.jpg\" alt=\"\" class=\"wp-image-572\" width=\"325\" srcset=\"https:\/\/ullaenevoldsen.dk\/wp-content\/uploads\/2023\/07\/2015-01-24-15-18-20-DSC_0065-1024x685.jpg 1024w, https:\/\/ullaenevoldsen.dk\/wp-content\/uploads\/2023\/07\/2015-01-24-15-18-20-DSC_0065-300x201.jpg 300w, https:\/\/ullaenevoldsen.dk\/wp-content\/uploads\/2023\/07\/2015-01-24-15-18-20-DSC_0065-768x514.jpg 768w, https:\/\/ullaenevoldsen.dk\/wp-content\/uploads\/2023\/07\/2015-01-24-15-18-20-DSC_0065-1536x1028.jpg 1536w, https:\/\/ullaenevoldsen.dk\/wp-content\/uploads\/2023\/07\/2015-01-24-15-18-20-DSC_0065-2048x1371.jpg 2048w\" sizes=\"(max-width: 1024px) 100vw, 1024px\" \/><\/figure>\n\n\n\n<p><\/p>\n\n\n\n<p><\/p>\n\n\n\n<h3 class=\"wp-block-heading has-text-align-center\">N\u00e5r man kigger p\u00e5 stjernehimmelen, fornemmer man at, vi er en lille plet i universet. Vores betydning er mikroskopisk i den store sammenh\u00e6ng &#8211; men k\u00e6mpestor i den lille.<span style=\"font-size: revert; background-color: var(--wp--preset--color--background); color: var(--wp--preset--color--custom-farve-1); font-family: var(--wp--preset--font-family--system-font);\"> <\/span><\/h3>\n","protected":false},"excerpt":{"rendered":"<p>N\u00e5r man kigger p\u00e5 stjernehimmelen, fornemmer man at, vi er en lille plet i universet. Vores betydning er mikroskopisk i den store sammenh\u00e6ng &#8211; men k\u00e6mpestor i den lille.<\/p>\n","protected":false},"author":1,"featured_media":18,"parent":0,"menu_order":0,"comment_status":"closed","ping_status":"closed","template":"","meta":{"footnotes":""},"class_list":["post-12","page","type-page","status-publish","has-post-thumbnail","hentry"],"_links":{"self":[{"href":"https:\/\/ullaenevoldsen.dk\/index.php\/wp-json\/wp\/v2\/pages\/12","targetHints":{"allow":["GET"]}}],"collection":[{"href":"https:\/\/ullaenevoldsen.dk\/index.php\/wp-json\/wp\/v2\/pages"}],"about":[{"href":"https:\/\/ullaenevoldsen.dk\/index.php\/wp-json\/wp\/v2\/types\/page"}],"author":[{"embeddable":true,"href":"https:\/\/ullaenevoldsen.dk\/index.php\/wp-json\/wp\/v2\/users\/1"}],"replies":[{"embeddable":true,"href":"https:\/\/ullaenevoldsen.dk\/index.php\/wp-json\/wp\/v2\/comments?post=12"}],"version-history":[{"count":18,"href":"https:\/\/ullaenevoldsen.dk\/index.php\/wp-json\/wp\/v2\/pages\/12\/revisions"}],"predecessor-version":[{"id":611,"href":"https:\/\/ullaenevoldsen.dk\/index.php\/wp-json\/wp\/v2\/pages\/12\/revisions\/611"}],"wp:featuredmedia":[{"embeddable":true,"href":"https:\/\/ullaenevoldsen.dk\/index.php\/wp-json\/wp\/v2\/media\/18"}],"wp:attachment":[{"href":"https:\/\/ullaenevoldsen.dk\/index.php\/wp-json\/wp\/v2\/media?parent=12"}],"curies":[{"name":"wp","href":"https:\/\/api.w.org\/{rel}","templated":true}]}}